{"id":27,"date":"2013-03-23T08:54:32","date_gmt":"2013-03-23T08:54:32","guid":{"rendered":"http:\/\/www.avocatmocan.ro\/?page_id=27"},"modified":"2020-05-12T22:00:48","modified_gmt":"2020-05-12T22:00:48","slug":"servicii","status":"publish","type":"page","link":"http:\/\/www.avocat-jurca.ro\/?page_id=27","title":{"rendered":"Despre Mediere"},"content":{"rendered":"<p><b><i><a href=\"http:\/\/www.mediereapulum.ro\/wp-content\/uploads\/2013\/03\/mediere.jpg\"><img loading=\"lazy\" class=\"size-full wp-image-99 alignleft\" src=\"http:\/\/www.mediereapulum.ro\/wp-content\/uploads\/2013\/03\/mediere.jpg\" alt=\"mediere\" width=\"425\" height=\"282\" \/><\/a><\/i><\/b><\/p>\n<p><i><strong>Medierea<\/strong> reprezint\u0103 o modalitate de solu\u0163ionare \u00a0pe cale amiabil\u0103, a conflictelor, cu ajutorul unei ter\u0163e persoane specializate \u00een calitate de mediator, \u00een condi\u0163ii de neutralitate, impar\u0163ialitate, confiden\u0163ialitate \u015fi av\u00e2nd liberul consim\u0163\u0103m\u00e2nt al p\u0103r\u0163ilor, procedur\u0103 alternativ\u0103 de solu\u021bionare a unui conflict, extrajudiciar\u0103.<\/i><\/p>\n<p>Serviciile juridice oferite de d-na Avocat <strong>Angelica Jurca <\/strong> s-au completat astfel cu serviciile de mediere, care au oferit clien\u021bilor posibilitatea de a alege tipul de procedur\u0103 juridic\u0103 optim\u0103\u00a0 : judiciar\u0103 \/extrajudiciar\u0103\u00a0 \u00a0care\u00a0 s\u0103 asigure rezolvarea eficient\u0103 a problemelor\u00a0 lor , \u00een func\u021bie de drepturile , necesit\u0103\u021bile \u0219i interesele fiec\u0103ruia .<\/p>\n<p>Orice tip de disput\u0103\u00a0 ivit\u0103\u00a0 \u00een raporturile de familie, de proprietate , \u00eentre profesioni\u0219ti, \u00een rela\u021bia victim\u0103-agresor, \u00een cazul \u00een care punerea \u00een mi\u0219care a ac\u021biunii penale se face la pl\u00e2ngerea prealabil\u0103 a persoanei v\u0103t\u0103mate\u00a0 \u00a0 \u00a0 \u00a0 \u00a0 \u00a0<span style=\"font-size: inherit;\">( victima)\u00a0 \u0219i unde retragerea pl\u00e2ngerii sau \u00eemp\u0103carea p\u0103r\u021bilor \u00eenl\u0103tur\u0103 r\u0103spunderea penal\u0103 , precum \u0219i \u00een latura civil\u0103 a oric\u0103rui proces penal , \u00een materie de\u00a0 partaje, contracte, asigur\u0103ri, protec\u021bia consumatorului sau malpraxis poate\u00a0 fi solu\u021bionat\u0103 at\u00e2t de c\u0103tre instan\u021ba de judecat\u0103, c\u00e2t \u0219i prin <strong>MEDIERE.\u00a0<\/strong><\/span><\/p>\n<p>P\u0103r\u021bile pot alege medierea \u00een orice moment al desf\u0103\u0219ur\u0103rii conflictului: \u00eenainte de a ac\u021biona \u00een instan\u021ba de judecat\u0103, dup\u0103 \u00eenregistrarea la instan\u021b\u0103\u00a0 a cererii de chemare \u00een judecat\u0103 , oric\u00e2nd \u00een cursul judec\u0103\u021bii, inclusiv \u00een c\u0103ile de atac, chiar \u0219i \u00een faza execut\u0103rii silite .<\/p>\n","protected":false},"excerpt":{"rendered":"<p>Medierea reprezint\u0103 o modalitate de solu\u0163ionare \u00a0pe cale amiabil\u0103, a conflictelor, cu ajutorul unei ter\u0163e persoane specializate \u00een calitate de mediator, \u00een condi\u0163ii de neutralitate, impar\u0163ialitate, confiden\u0163ialitate \u015fi av\u00e2nd liberul consim\u0163\u0103m\u00e2nt al p\u0103r\u0163ilor, procedur\u0103 alternativ\u0103 de solu\u021bionare a unui conflict, extrajudiciar\u0103. Serviciile juridice oferite de d-na Avocat Angelica Jurca s-au completat astfel cu serviciile de [&hellip;]<\/p>\n","protected":false},"author":2,"featured_media":0,"parent":25,"menu_order":1,"comment_status":"open","ping_status":"open","template":"page-full.php","meta":{"_links_to":"","_links_to_target":""},"_links":{"self":[{"href":"http:\/\/www.avocat-jurca.ro\/index.php?rest_route=\/wp\/v2\/pages\/27"}],"collection":[{"href":"http:\/\/www.avocat-jurca.ro\/index.php?rest_route=\/wp\/v2\/pages"}],"about":[{"href":"http:\/\/www.avocat-jurca.ro\/index.php?rest_route=\/wp\/v2\/types\/page"}],"author":[{"embeddable":true,"href":"http:\/\/www.avocat-jurca.ro\/index.php?rest_route=\/wp\/v2\/users\/2"}],"replies":[{"embeddable":true,"href":"http:\/\/www.avocat-jurca.ro\/index.php?rest_route=%2Fwp%2Fv2%2Fcomments&post=27"}],"version-history":[{"count":11,"href":"http:\/\/www.avocat-jurca.ro\/index.php?rest_route=\/wp\/v2\/pages\/27\/revisions"}],"predecessor-version":[{"id":242,"href":"http:\/\/www.avocat-jurca.ro\/index.php?rest_route=\/wp\/v2\/pages\/27\/revisions\/242"}],"up":[{"embeddable":true,"href":"http:\/\/www.avocat-jurca.ro\/index.php?rest_route=\/wp\/v2\/pages\/25"}],"wp:attachment":[{"href":"http:\/\/www.avocat-jurca.ro\/index.php?rest_route=%2Fwp%2Fv2%2Fmedia&parent=27"}],"curies":[{"name":"wp","href":"https:\/\/api.w.org\/{rel}","templated":true}]}}