{"id":47,"date":"2013-03-27T13:32:27","date_gmt":"2013-03-27T13:32:27","guid":{"rendered":"http:\/\/www.avocatmocan.ro\/?page_id=47"},"modified":"2020-05-12T21:27:31","modified_gmt":"2020-05-12T21:27:31","slug":"publicatii","status":"publish","type":"page","link":"https:\/\/www.avocat-jurca.ro\/?page_id=47","title":{"rendered":"Publica\u0163ii"},"content":{"rendered":"\n<ul><li>Articolele publicate \u00een revista on-line \u201e Juridice\u201d, \u00een data de 23    noiembrie 2013 \u201e <em>Informarea cu privire la avantajele  medierii,  procedur\u0103 prealabil\u0103 obligatorie \u00eenaintea sesiz\u0103rii instan\u0163ei de   judecat\u0103<\/em>\u201d  ; <\/li><li>  Articolul cu titlul \u201e <em>\u015eedin\u0163a de informare          privind avantajele medierii -obliga\u0163ie  judiciar\u0103<\/em> \u201e publicat \u00een revista   profesiilor   liberale \u201e <em>Legal Magazin <\/em> \u201e   iulie 2014              <\/li><li> Elaborarea Manualului de curs &#8221; <em>Solu\u021bia  ta este  medierea  <\/em>&#8220;, manual de formare \u00een domeniul medierii,  care a stat la baza form\u0103rii a peste 200 de avoca\u021bi \u0219i  mediatori rom\u00e2ni. -2011<\/li><li>Elaborarea formularisticii  aferent\u0103 realiz\u0103rii procedurii de     mediere, utilizate ca suport teoretic \u00een cadrul cursurilor de formare ini\u021bial\u0103 a mediatorilor,    desf\u0103\u0219urate \u00een cadrul   Asocia\u021biei  &#8221; Mediere Apulum&#8221;- furnizor autorizat de formare profesional\u0103  \u00een domeniul medierii- 2011<\/li><li> Elaborarea  formularisticii aferent\u0103 procedurii de mediere  \u00een cadrul  proiectului finan\u0163at de Ambasada S.U.A. la Bucure\u015fti &#8211; Sec\u0163ia Afaceri Publice, program pilot de promovare a  medierii \u201d <em>Medierea &#8211; metod\u0103 eficient\u0103 de rezolvare a conflictelor<\/em>\u201d. \u2013 2009.<\/li><li>Elaborarea <strong>Ghidului  Medierii<\/strong> ,  publicat \u00een luna septembrie 2007,   instrument util \u015fi eficient de promovare \u015fi informare cu privire la desf\u0103\u015furarea medierii \u00een Rom\u00e2nia, \u00een cadrul proiectului :  \u201d<em>\u00cenfiin\u0163area Centrului de Mediere Alba- instrument institu\u0163ional de promovare a serviciilor de mediere adresate justi\u0163iabililor<\/em>\u201d, desf\u0103\u0219urat conform  contractului:Phare 2004\/016-772.01.02\/03\/DEM  37,  care a fost promovat \u00een info &#8211; chio\u0219curile din instan\u021bele din raza Cur\u021bii de Apel Alba Iulia. <\/li><li> Elaborarea  articolelor  : &#8220;<em> Institu\u021bia Medierii \u00een dreptul rom\u00e2nesc<\/em> &#8220;,     \u201d  <em>Medierea -o modalitate extrajudiciar\u0103 de solu\u021bionare a litigiilor util\u0103 \u00een rela\u021bia administra\u021biei publice locale cu   cet\u0103\u021benii<\/em> \u201d,  \u201d <em>Informarea cu privire la avantajele medierii , procedur\u0103 prealabil\u0103 obligatorie , \u00eenaintea sesiz\u0103rii instan\u021bei de judecat\u0103 \u00een litigiile civile <\/em>\u201d  prezentate  \u00een conferin\u021be profesionale  na\u021bionale organizate la Alba Iulia, Sibiu, Bucure\u0219ti de c\u0103tre Consiliul de Mediere din Rom\u00e2nia &#8211; 2013 .<\/li><li>Elaborarea  articolului &#8220;<em>Medierea prejudiciar\u0103<\/em> &#8221; prezentat \u00een cadrul Seminarului&#8221; Medierea pentru judec\u0103tori \u0219i procurori &#8221; , desf\u0103\u0219urat de Consiliul Superior al magistraturii ,  \u00een cadrul proiectului RO24 : &#8221; \u00cent\u0103rirea capacit\u0103\u021bii judiciare \u0219i cooperare&#8221; , proiect finan\u021bat din fonduri norvegiene.<\/li><li> Redactarea suportului de curs pentru cursul  de &#8221; <em>Specialist \u00een activitatea de lobby<\/em>&#8220;, autorizat  de M.M.J.S. \u0219i M.E.N. -2018 <\/li><li> Elaborarea  Ghidului Asisten\u021bei Judiciare din Oficiu din Rom\u00e2nia \u00een cadrul proiectului&#8221; Accesul la sistemul juridic din perspectiva grupurilor vulnerabile \u2013 Justi\u021bie pentru to\u021bi&#8221; &#8211; ( SIPOCA 493) &#8211; 2019<\/li><\/ul>\n","protected":false},"excerpt":{"rendered":"<p>Articolele publicate \u00een revista on-line \u201e Juridice\u201d, \u00een data de 23 noiembrie 2013 \u201e Informarea cu privire la avantajele medierii, procedur\u0103 prealabil\u0103 obligatorie \u00eenaintea sesiz\u0103rii instan\u0163ei de judecat\u0103\u201d ; Articolul cu titlul \u201e \u015eedin\u0163a de informare privind avantajele medierii -obliga\u0163ie judiciar\u0103 \u201e publicat \u00een revista profesiilor liberale \u201e Legal Magazin \u201e iulie 2014 Elaborarea Manualului [&hellip;]<\/p>\n","protected":false},"author":2,"featured_media":0,"parent":0,"menu_order":1,"comment_status":"open","ping_status":"open","template":"","meta":{"_links_to":"","_links_to_target":""},"_links":{"self":[{"href":"https:\/\/www.avocat-jurca.ro\/index.php?rest_route=\/wp\/v2\/pages\/47"}],"collection":[{"href":"https:\/\/www.avocat-jurca.ro\/index.php?rest_route=\/wp\/v2\/pages"}],"about":[{"href":"https:\/\/www.avocat-jurca.ro\/index.php?rest_route=\/wp\/v2\/types\/page"}],"author":[{"embeddable":true,"href":"https:\/\/www.avocat-jurca.ro\/index.php?rest_route=\/wp\/v2\/users\/2"}],"replies":[{"embeddable":true,"href":"https:\/\/www.avocat-jurca.ro\/index.php?rest_route=%2Fwp%2Fv2%2Fcomments&post=47"}],"version-history":[{"count":10,"href":"https:\/\/www.avocat-jurca.ro\/index.php?rest_route=\/wp\/v2\/pages\/47\/revisions"}],"predecessor-version":[{"id":230,"href":"https:\/\/www.avocat-jurca.ro\/index.php?rest_route=\/wp\/v2\/pages\/47\/revisions\/230"}],"wp:attachment":[{"href":"https:\/\/www.avocat-jurca.ro\/index.php?rest_route=%2Fwp%2Fv2%2Fmedia&parent=47"}],"curies":[{"name":"wp","href":"https:\/\/api.w.org\/{rel}","templated":true}]}}