{"id":49,"date":"2013-03-27T13:39:14","date_gmt":"2013-03-27T13:39:14","guid":{"rendered":"http:\/\/www.avocatmocan.ro\/?page_id=49"},"modified":"2025-08-15T19:17:33","modified_gmt":"2025-08-15T19:17:33","slug":"prezentare-generala","status":"publish","type":"page","link":"https:\/\/www.avocat-jurca.ro\/?page_id=49","title":{"rendered":"Prezentare General\u0103"},"content":{"rendered":"\n<p><\/p>\n\n\n\n<p><\/p>\n\n\n\n<figure class=\"wp-block-image size-large is-style-rounded\"><a href=\"https:\/\/www.avocat-jurca.ro\/wp-content\/uploads\/2025\/08\/IMG-20250815-WA0032.jpg\"><img loading=\"lazy\" width=\"974\" height=\"1024\" src=\"https:\/\/www.avocat-jurca.ro\/wp-content\/uploads\/2025\/08\/IMG-20250815-WA0032-974x1024.jpg\" alt=\"\" class=\"wp-image-457\" srcset=\"https:\/\/www.avocat-jurca.ro\/wp-content\/uploads\/2025\/08\/IMG-20250815-WA0032-974x1024.jpg 974w, https:\/\/www.avocat-jurca.ro\/wp-content\/uploads\/2025\/08\/IMG-20250815-WA0032-285x300.jpg 285w, https:\/\/www.avocat-jurca.ro\/wp-content\/uploads\/2025\/08\/IMG-20250815-WA0032-768x807.jpg 768w, https:\/\/www.avocat-jurca.ro\/wp-content\/uploads\/2025\/08\/IMG-20250815-WA0032-1461x1536.jpg 1461w, https:\/\/www.avocat-jurca.ro\/wp-content\/uploads\/2025\/08\/IMG-20250815-WA0032.jpg 1948w\" sizes=\"(max-width: 974px) 100vw, 974px\" \/><\/a><\/figure>\n\n\n<h2>&nbsp;<\/h2>\n<p><!--more--><\/p>\n<p style=\"font-size: 17px; text-align: justify;\">\n<\/p><p style=\"font-size: 17px; text-align: justify; padding-left: 80px;\"><span style=\"vertical-align: inherit;\"><span style=\"vertical-align: inherit;\">&nbsp;Cabinetul Individual de Avocatur\u0103 Angelica Jurca prin Avocat <\/span><\/span><strong><span style=\"vertical-align: inherit;\"><span style=\"vertical-align: inherit;\">Angelica Elisabeta Jurca<\/span><\/span><\/strong><span style=\"vertical-align: inherit;\"><span style=\"vertical-align: inherit;\"> , membr\u0103&nbsp; \u00een Uniunea Barourilor din Rom\u00e2nia din 19.12.2003, \u0219i-a \u00eenceput activitatea \u00een anul 2003, reu\u0219ind s\u0103 men\u021bin\u0103 \u0219i s\u0103 \u00eembun\u0103t\u0103\u021beasc\u0103 constant calitatea serviciilor oferite clien\u021bilor&nbsp; s\u0103i, prin seriozitate ,corectitudine&nbsp; \u0219i promptitudine,&nbsp; \u00een raport de interesele clien\u021bilor s\u0103i, f\u0103c\u00e2nd dovada unui \u00eenalt grad de profesionalism \u0219i calitate a serviciilor oferite, prin num\u0103rul semnificativ de cazuri solu\u021bionate cu succes, \u00eenc\u0103 de la \u00eenceputul activit\u0103\u021bii sale profesionale . <\/span><\/span><span style=\"vertical-align: inherit;\"><span style=\"vertical-align: inherit;\">&nbsp; &nbsp; &nbsp;Din anul 2025, d-na Avocat Angelica Elisabeta Jurca a fost invitat\u0103 s\u0103 devin\u0103 membr\u0103 a&nbsp; Asocia\u021biei Avoca\u021bilor Europeni, precum \u0219i membr\u0103 a Organiza\u021biei Interna\u021bionale de Avoca\u021bi- Justinian Law.<\/span><\/span><span style=\"vertical-align: inherit;\"><span style=\"vertical-align: inherit;\">&nbsp; &nbsp;Din aprilie 2025 a devenit Arbitru \u00een cadrul Cur\u021bii de Arbitraj a Asocia\u021biei Avoca\u021bilor <\/span><\/span><span style=\"text-align: justify;\">&nbsp;Europeni ( AEA).<\/span><span style=\"text-align: justify;\">&nbsp; &nbsp; &nbsp;\u00cen anul 2005, d-na&nbsp; &nbsp;<\/span><span style=\"vertical-align: inherit;\"><span style=\"vertical-align: inherit;\">Avocat <\/span><\/span><strong><span style=\"vertical-align: inherit;\"><span style=\"vertical-align: inherit;\">Angelica Elisabeta&nbsp; Jurca<\/span><\/span><\/strong><span style=\"vertical-align: inherit;\"><span style=\"vertical-align: inherit;\"> a fost selectat\u0103 s\u0103 beneficieze de un program de preg\u0103tire profesional\u0103 bilingv rom\u00e2no- englez, organizat de c\u0103tre Ministerul Justi\u021biei \u00een colaborare cu Ambasada SUA la Bucure\u0219ti, fiind format\u0103 ca mediator, de reputa\u021bii formatori americani Linda I. Lazarus, JD \u0219i Susan Green, JD, LLM. Astfel, din anul 2006 exercit\u0103 \u0219i profesia&nbsp; de Mediator , pentru a asigura clien\u021bilor&nbsp; s\u0103i accesul la mijloace&nbsp; juridice moderne de solu\u021bionare eficient\u0103 a problemelor lor juridice.&nbsp; &nbsp; &nbsp; &nbsp; &nbsp; &nbsp; &nbsp; &nbsp; &nbsp; &nbsp; &nbsp; &nbsp; &nbsp; &nbsp;<\/span><\/span><span style=\"color: #202124;\"><span style=\"font-family: DejaVu Sans, sans-serif;\"><span style=\"font-size: xx-small;\">&nbsp; &nbsp;<\/span><\/span><\/span><\/p>\n<p style=\"font-size: 17px; text-align: justify; padding-left: 40px;\"><span style=\"color: #202124;\"><span style=\"font-family: DejaVu Sans, sans-serif;\"><span style=\"font-size: xx-small;\"> &nbsp; &nbsp; &nbsp;<\/span><\/span><\/span><\/p>\n<div>&nbsp;<\/div>\n\n\n<p><\/p>\n","protected":false},"excerpt":{"rendered":"<p>&nbsp;<\/p>\n","protected":false},"author":2,"featured_media":0,"parent":0,"menu_order":0,"comment_status":"open","ping_status":"open","template":"page-full.php","meta":{"_links_to":"","_links_to_target":""},"_links":{"self":[{"href":"https:\/\/www.avocat-jurca.ro\/index.php?rest_route=\/wp\/v2\/pages\/49"}],"collection":[{"href":"https:\/\/www.avocat-jurca.ro\/index.php?rest_route=\/wp\/v2\/pages"}],"about":[{"href":"https:\/\/www.avocat-jurca.ro\/index.php?rest_route=\/wp\/v2\/types\/page"}],"author":[{"embeddable":true,"href":"https:\/\/www.avocat-jurca.ro\/index.php?rest_route=\/wp\/v2\/users\/2"}],"replies":[{"embeddable":true,"href":"https:\/\/www.avocat-jurca.ro\/index.php?rest_route=%2Fwp%2Fv2%2Fcomments&post=49"}],"version-history":[{"count":105,"href":"https:\/\/www.avocat-jurca.ro\/index.php?rest_route=\/wp\/v2\/pages\/49\/revisions"}],"predecessor-version":[{"id":462,"href":"https:\/\/www.avocat-jurca.ro\/index.php?rest_route=\/wp\/v2\/pages\/49\/revisions\/462"}],"wp:attachment":[{"href":"https:\/\/www.avocat-jurca.ro\/index.php?rest_route=%2Fwp%2Fv2%2Fmedia&parent=49"}],"curies":[{"name":"wp","href":"https:\/\/api.w.org\/{rel}","templated":true}]}}